{"id":370,"date":"2024-04-04T15:17:31","date_gmt":"2024-04-04T20:17:31","guid":{"rendered":"https:\/\/grouperubicon.com\/?page_id=370"},"modified":"2025-01-17T12:00:11","modified_gmt":"2025-01-17T17:00:11","slug":"politique-de-confidentialite","status":"publish","type":"page","link":"https:\/\/grouperubicon.com\/?page_id=370","title":{"rendered":"Politique de confidentialit\u00e9"},"content":{"rendered":"\t\t<div data-elementor-type=\"wp-page\" data-elementor-id=\"370\" class=\"elementor elementor-370\" data-elementor-post-type=\"page\">\n\t\t\t\t\t\t<section class=\"elementor-section elementor-top-section elementor-element elementor-element-5201b5b elementor-section-boxed elementor-section-height-default elementor-section-height-default\" data-id=\"5201b5b\" data-element_type=\"section\">\n\t\t\t\t\t\t<div class=\"elementor-container elementor-column-gap-default\">\n\t\t\t\t\t<div class=\"elementor-column elementor-col-100 elementor-top-column elementor-element elementor-element-8e9785a\" data-id=\"8e9785a\" data-element_type=\"column\">\n\t\t\t<div class=\"elementor-widget-wrap elementor-element-populated\">\n\t\t\t\t\t\t<div class=\"elementor-element elementor-element-c388fc6 elementor-widget elementor-widget-text-editor\" data-id=\"c388fc6\" data-element_type=\"widget\" data-widget_type=\"text-editor.default\">\n\t\t\t\t<div class=\"elementor-widget-container\">\n\t\t\t\t\t\t\t\t\t<div><h1>Politique de confidentialit\u00e9 pour Groupe Rubicon inc.<\/h1><p>Date de la derni\u00e8re mise \u00e0 jour : 20 septembre 2023<\/p><p>Bienvenue sur domaine premium (le \u00ab\u00a0Site\u00a0\u00bb). Chez Groupe Rubicon inc., nous nous engageons \u00e0 prot\u00e9ger votre vie priv\u00e9e et \u00e0 s\u00e9curiser vos informations personnelles. Cette politique de confidentialit\u00e9 explique comment nous collectons, utilisons, divulguons et prot\u00e9geons vos informations personnelles lorsque vous utilisez notre Site. En utilisant notre Site, vous acceptez les conditions de cette politique de confidentialit\u00e9.<\/p><h3>1. Collecte d&rsquo;informations personnelles<\/h3><p>Nous pouvons collecter des informations personnelles vous concernant lorsque vous interagissez avec notre Site, y compris, sans s&rsquo;y limiter :<\/p><ul><li>Votre nom<\/li><li>Votre adresse \u00e9lectronique<\/li><li>Votre adresse postale<\/li><li>Votre num\u00e9ro de t\u00e9l\u00e9phone<\/li><li>Les informations de paiement (le cas \u00e9ch\u00e9ant)<\/li><li>Les donn\u00e9es de connexion, y compris les adresses IP et les informations du navigateur<\/li><li>Les donn\u00e9es de localisation (si vous avez activ\u00e9 cette fonction sur votre appareil)<\/li><li>Nous collectons ces informations lorsque vous les fournissez volontairement ou lorsque vous utilisez notre Site.<\/li><\/ul><\/div>\t\t\t\t\t\t\t\t<\/div>\n\t\t\t\t<\/div>\n\t\t\t\t\t<\/div>\n\t\t<\/div>\n\t\t\t\t\t<\/div>\n\t\t<\/section>\n\t\t\t\t<\/div>\n\t\t","protected":false},"excerpt":{"rendered":"<p>Politique de confidentialit\u00e9 pour Groupe Rubicon inc. Date de la derni\u00e8re mise \u00e0 jour : 20 septembre 2023 Bienvenue sur domaine premium (le \u00ab\u00a0Site\u00a0\u00bb). Chez Groupe Rubicon inc., nous nous engageons \u00e0 prot\u00e9ger votre vie priv\u00e9e et \u00e0 s\u00e9curiser vos informations personnelles. Cette politique de confidentialit\u00e9 explique comment nous collectons, utilisons, divulguons et prot\u00e9geons vos [&hellip;]<\/p>\n","protected":false},"author":2,"featured_media":0,"parent":0,"menu_order":0,"comment_status":"closed","ping_status":"closed","template":"","meta":{"footnotes":""},"class_list":["post-370","page","type-page","status-publish","hentry","entry"],"yoast_head":"<!-- This site is optimized with the Yoast SEO plugin v26.8 - https:\/\/yoast.com\/product\/yoast-seo-wordpress\/ -->\n<title>Politique de confidentialit\u00e9 - Rubicon Media<\/title>\n<meta name=\"robots\" content=\"index, follow, max-snippet:-1, max-image-preview:large, max-video-preview:-1\" \/>\n<link rel=\"canonical\" href=\"https:\/\/grouperubicon.com\/?page_id=370\" \/>\n<meta property=\"og:locale\" content=\"fr_CA\" \/>\n<meta property=\"og:type\" content=\"article\" \/>\n<meta property=\"og:title\" content=\"Politique de confidentialit\u00e9 - Rubicon Media\" \/>\n<meta property=\"og:description\" content=\"Politique de confidentialit\u00e9 pour Groupe Rubicon inc. Date de la derni\u00e8re mise \u00e0 jour : 20 septembre 2023 Bienvenue sur domaine premium (le \u00ab\u00a0Site\u00a0\u00bb). Chez Groupe Rubicon inc., nous nous engageons \u00e0 prot\u00e9ger votre vie priv\u00e9e et \u00e0 s\u00e9curiser vos informations personnelles. Cette politique de confidentialit\u00e9 explique comment nous collectons, utilisons, divulguons et prot\u00e9geons vos [&hellip;]\" \/>\n<meta property=\"og:url\" content=\"https:\/\/grouperubicon.com\/?page_id=370\" \/>\n<meta property=\"og:site_name\" content=\"Rubicon Media\" \/>\n<meta property=\"article:publisher\" content=\"https:\/\/www.facebook.com\/rubiconmedianumerique\" \/>\n<meta property=\"article:modified_time\" content=\"2025-01-17T17:00:11+00:00\" \/>\n<meta property=\"og:image\" content=\"https:\/\/grouperubicon.com\/wp-content\/uploads\/2022\/01\/Capture-de\u0301cran-2022-01-28-a\u0300-09.26.21.png\" \/>\n\t<meta property=\"og:image:width\" content=\"1550\" \/>\n\t<meta property=\"og:image:height\" content=\"773\" \/>\n\t<meta property=\"og:image:type\" content=\"image\/png\" \/>\n<meta name=\"twitter:card\" content=\"summary_large_image\" \/>\n<meta name=\"twitter:label1\" content=\"Estimation du temps de lecture\" \/>\n\t<meta name=\"twitter:data1\" content=\"1 minute\" \/>\n<script type=\"application\/ld+json\" class=\"yoast-schema-graph\">{\"@context\":\"https:\/\/schema.org\",\"@graph\":[{\"@type\":\"WebPage\",\"@id\":\"https:\/\/grouperubicon.com\/?page_id=370\",\"url\":\"https:\/\/grouperubicon.com\/?page_id=370\",\"name\":\"Politique de confidentialit\u00e9 - Rubicon Media\",\"isPartOf\":{\"@id\":\"https:\/\/grouperubicon.com\/#website\"},\"datePublished\":\"2024-04-04T20:17:31+00:00\",\"dateModified\":\"2025-01-17T17:00:11+00:00\",\"breadcrumb\":{\"@id\":\"https:\/\/grouperubicon.com\/?page_id=370#breadcrumb\"},\"inLanguage\":\"fr-CA\",\"potentialAction\":[{\"@type\":\"ReadAction\",\"target\":[\"https:\/\/grouperubicon.com\/?page_id=370\"]}]},{\"@type\":\"BreadcrumbList\",\"@id\":\"https:\/\/grouperubicon.com\/?page_id=370#breadcrumb\",\"itemListElement\":[{\"@type\":\"ListItem\",\"position\":1,\"name\":\"Accueil\",\"item\":\"https:\/\/grouperubicon.com\/\"},{\"@type\":\"ListItem\",\"position\":2,\"name\":\"Politique de confidentialit\u00e9\"}]},{\"@type\":\"WebSite\",\"@id\":\"https:\/\/grouperubicon.com\/#website\",\"url\":\"https:\/\/grouperubicon.com\/\",\"name\":\"Rubicon Media\",\"description\":\"Affichage publicitaire\",\"potentialAction\":[{\"@type\":\"SearchAction\",\"target\":{\"@type\":\"EntryPoint\",\"urlTemplate\":\"https:\/\/grouperubicon.com\/?s={search_term_string}\"},\"query-input\":{\"@type\":\"PropertyValueSpecification\",\"valueRequired\":true,\"valueName\":\"search_term_string\"}}],\"inLanguage\":\"fr-CA\"}]}<\/script>\n<!-- \/ Yoast SEO plugin. -->","yoast_head_json":{"title":"Politique de confidentialit\u00e9 - Rubicon Media","robots":{"index":"index","follow":"follow","max-snippet":"max-snippet:-1","max-image-preview":"max-image-preview:large","max-video-preview":"max-video-preview:-1"},"canonical":"https:\/\/grouperubicon.com\/?page_id=370","og_locale":"fr_CA","og_type":"article","og_title":"Politique de confidentialit\u00e9 - Rubicon Media","og_description":"Politique de confidentialit\u00e9 pour Groupe Rubicon inc. Date de la derni\u00e8re mise \u00e0 jour : 20 septembre 2023 Bienvenue sur domaine premium (le \u00ab\u00a0Site\u00a0\u00bb). Chez Groupe Rubicon inc., nous nous engageons \u00e0 prot\u00e9ger votre vie priv\u00e9e et \u00e0 s\u00e9curiser vos informations personnelles. Cette politique de confidentialit\u00e9 explique comment nous collectons, utilisons, divulguons et prot\u00e9geons vos [&hellip;]","og_url":"https:\/\/grouperubicon.com\/?page_id=370","og_site_name":"Rubicon Media","article_publisher":"https:\/\/www.facebook.com\/rubiconmedianumerique","article_modified_time":"2025-01-17T17:00:11+00:00","og_image":[{"width":1550,"height":773,"url":"https:\/\/grouperubicon.com\/wp-content\/uploads\/2022\/01\/Capture-de\u0301cran-2022-01-28-a\u0300-09.26.21.png","type":"image\/png"}],"twitter_card":"summary_large_image","twitter_misc":{"Estimation du temps de lecture":"1 minute"},"schema":{"@context":"https:\/\/schema.org","@graph":[{"@type":"WebPage","@id":"https:\/\/grouperubicon.com\/?page_id=370","url":"https:\/\/grouperubicon.com\/?page_id=370","name":"Politique de confidentialit\u00e9 - Rubicon Media","isPartOf":{"@id":"https:\/\/grouperubicon.com\/#website"},"datePublished":"2024-04-04T20:17:31+00:00","dateModified":"2025-01-17T17:00:11+00:00","breadcrumb":{"@id":"https:\/\/grouperubicon.com\/?page_id=370#breadcrumb"},"inLanguage":"fr-CA","potentialAction":[{"@type":"ReadAction","target":["https:\/\/grouperubicon.com\/?page_id=370"]}]},{"@type":"BreadcrumbList","@id":"https:\/\/grouperubicon.com\/?page_id=370#breadcrumb","itemListElement":[{"@type":"ListItem","position":1,"name":"Accueil","item":"https:\/\/grouperubicon.com\/"},{"@type":"ListItem","position":2,"name":"Politique de confidentialit\u00e9"}]},{"@type":"WebSite","@id":"https:\/\/grouperubicon.com\/#website","url":"https:\/\/grouperubicon.com\/","name":"Rubicon Media","description":"Affichage publicitaire","potentialAction":[{"@type":"SearchAction","target":{"@type":"EntryPoint","urlTemplate":"https:\/\/grouperubicon.com\/?s={search_term_string}"},"query-input":{"@type":"PropertyValueSpecification","valueRequired":true,"valueName":"search_term_string"}}],"inLanguage":"fr-CA"}]}},"_links":{"self":[{"href":"https:\/\/grouperubicon.com\/index.php?rest_route=\/wp\/v2\/pages\/370","targetHints":{"allow":["GET"]}}],"collection":[{"href":"https:\/\/grouperubicon.com\/index.php?rest_route=\/wp\/v2\/pages"}],"about":[{"href":"https:\/\/grouperubicon.com\/index.php?rest_route=\/wp\/v2\/types\/page"}],"author":[{"embeddable":true,"href":"https:\/\/grouperubicon.com\/index.php?rest_route=\/wp\/v2\/users\/2"}],"replies":[{"embeddable":true,"href":"https:\/\/grouperubicon.com\/index.php?rest_route=%2Fwp%2Fv2%2Fcomments&post=370"}],"version-history":[{"count":28,"href":"https:\/\/grouperubicon.com\/index.php?rest_route=\/wp\/v2\/pages\/370\/revisions"}],"predecessor-version":[{"id":497,"href":"https:\/\/grouperubicon.com\/index.php?rest_route=\/wp\/v2\/pages\/370\/revisions\/497"}],"wp:attachment":[{"href":"https:\/\/grouperubicon.com\/index.php?rest_route=%2Fwp%2Fv2%2Fmedia&parent=370"}],"curies":[{"name":"wp","href":"https:\/\/api.w.org\/{rel}","templated":true}]}}